{"id":141,"date":"2025-10-27T21:18:56","date_gmt":"2025-10-28T02:18:56","guid":{"rendered":"https:\/\/www.transfiriendo.com\/?page_id=141"},"modified":"2026-01-06T21:09:23","modified_gmt":"2026-01-07T02:09:23","slug":"politica-sig","status":"publish","type":"page","link":"https:\/\/www.transfiriendo.com\/index.php\/politica-sig\/","title":{"rendered":"Politica SIG"},"content":{"rendered":"\t\t<div data-elementor-type=\"wp-page\" data-elementor-id=\"141\" class=\"elementor elementor-141\" data-elementor-post-type=\"page\">\n\t\t\t\t<div class=\"elementor-element elementor-element-92bdb34 e-flex e-con-boxed e-con e-parent\" data-id=\"92bdb34\" data-element_type=\"container\">\n\t\t\t\t\t<div class=\"e-con-inner\">\n\t\t\t\t<div class=\"elementor-element elementor-element-9952312 elementor-widget elementor-widget-heading\" data-id=\"9952312\" data-element_type=\"widget\" data-widget_type=\"heading.default\">\n\t\t\t\t\t<h2 class=\"elementor-heading-title elementor-size-default\">Pol\u00edtica del Sistema Integrado de Gesti\u00f3n en Calidad y \u2028Seguridad de la Informaci\u00f3n<\/h2>\t\t\t\t<\/div>\n\t\t\t\t\t<\/div>\n\t\t\t\t<\/div>\n\t\t<div class=\"elementor-element elementor-element-8805d90 e-flex e-con-boxed e-con e-parent\" data-id=\"8805d90\" data-element_type=\"container\">\n\t\t\t\t\t<div class=\"e-con-inner\">\n\t\t\t\t<div class=\"elementor-element elementor-element-67269b9 elementor-widget__width-initial elementor-widget elementor-widget-text-editor\" data-id=\"67269b9\" data-element_type=\"widget\" data-widget_type=\"text-editor.default\">\n\t\t\t\t\t\t\t\t\t<p><strong>Desde la Alta Direcci\u00f3n<\/strong> <span style=\"color: #fc7603; font-weight: 600;\">Transfiriendo S.A.<\/span> <strong>se compromete a transferir tecnolog\u00eda innovadora que permita satisfacer de manera proactiva las necesidades y expectativas de nuestros clientes y dem\u00e1s partes interesadas. Nuestra gesti\u00f3n se fundamenta en principios de calidad, seguridad de la informaci\u00f3n, cumplimiento normativo y mejora continua, a trav\u00e9s del desarrollo e implementaci\u00f3n de un Sistema Integrado de Gesti\u00f3n (SIG) alineado con las normas NTC\/ISO 9001:2015, ISO\/IEC 27001:2022.<\/strong><\/p><p><span style=\"color: #fc7603; font-weight: 600;\">Nuestros compromisos:<\/span><\/p><ul><li>Cumplir con los requisitos legales, regulatorios y contractuales aplicables, as\u00ed como con los est\u00e1ndares internacionales en calidad, seguridad de la informaci\u00f3n, privacidad de datos personales, medio ambiente y el est\u00e1ndar PCI DSS.<\/li><li>Proteger la informaci\u00f3n, garantizando su confidencialidad, integridad, disponibilidad y privacidad, mediante la implementaci\u00f3n de controles t\u00e9cnicos, f\u00edsicos y administrativos, apropiados al contexto de la organizaci\u00f3n.<\/li><li>Gestionar adecuadamente los riesgos del SIG que puedan afectar nuestros procesos, servicios y activos de informaci\u00f3n, mediante un enfoque preventivo, proactivo.<\/li><li>Asegurar la mejora continua del SIG, mediante el seguimiento sistem\u00e1tico de indicadores, auditor\u00edas internas, revisiones por la direcci\u00f3n, an\u00e1lisis de contexto y retroalimentaci\u00f3n de las partes interesadas.<\/li><li>Satisfacer las necesidades y expectativas de las partes interesadas, mediante una atenci\u00f3n oportuna, medici\u00f3n de la satisfacci\u00f3n del cliente y gesti\u00f3n eficaz de los procesos.<\/li><li>Proporcionar los recursos humanos, tecnol\u00f3gicos y financieros necesarios para implementar, mantener y fortalecer nuestro SIG, con el fin de garantizar su eficacia y mejora.<\/li><li>Fomentar una cultura organizacional orientada a la calidad, la seguridad y la ciberseguridad, el cuidado del medio ambiente y la privacidad de la informaci\u00f3n, mediante procesos permanentes de formaci\u00f3n, sensibilizaci\u00f3n y apropiaci\u00f3n de buenas pr\u00e1cticas por parte de todos los colaboradores.<\/li><li>Monitorear el entorno tecnol\u00f3gico y adoptar la innovaci\u00f3n mediante la aplicaci\u00f3n de nuevas tecnolog\u00edas y metodolog\u00edas que optimicen los servicios ofrecidos y mitiguen amenazas emergentes.<\/li><li>Proteger los datos personales, especialmente los relacionados con los titulares de tarjetas, garantizando su seguridad en todas las fases de almacenamiento, procesamiento y transmisi\u00f3n.<\/li><li>Contribuir con el cuidado del medio ambiente, a trav\u00e9s de pr\u00e1cticas medioambientales desde la prevenci\u00f3n y cuidado.<\/li><\/ul><p><strong>Esta pol\u00edtica aplica a todas las actividades, procesos, productos y servicios de Transfiriendo S.A. y es de obligatorio cumplimiento por parte de todo el personal, proveedores, contratistas y socios estrat\u00e9gicos. Su contenido es comunicado, comprendido, revisado peri\u00f3dicamente y est\u00e1 disponible para las partes interesadas relevantes.\u00a0<\/strong><\/p>\t\t\t\t\t\t\t\t<\/div>\n\t\t\t\t\t<\/div>\n\t\t\t\t<\/div>\n\t\t<div class=\"elementor-element elementor-element-8f472b8 e-flex e-con-boxed e-con e-parent\" data-id=\"8f472b8\" data-element_type=\"container\">\n\t\t\t\t\t<div class=\"e-con-inner\">\n\t\t\t\t\t<\/div>\n\t\t\t\t<\/div>\n\t\t\t\t<\/div>\n\t\t","protected":false},"excerpt":{"rendered":"<p>Pol\u00edtica del Sistema Integrado de Gesti\u00f3n en Calidad y \u2028Seguridad de la Informaci\u00f3n Desde la Alta Direcci\u00f3n Transfiriendo S.A. se compromete a transferir tecnolog\u00eda innovadora que permita satisfacer de manera proactiva las necesidades y expectativas de nuestros clientes y dem\u00e1s partes interesadas. Nuestra gesti\u00f3n se fundamenta en principios de calidad, seguridad de la informaci\u00f3n, cumplimiento [&hellip;]<\/p>\n","protected":false},"author":1,"featured_media":0,"parent":0,"menu_order":0,"comment_status":"closed","ping_status":"closed","template":"elementor_header_footer","meta":{"footnotes":""},"class_list":["post-141","page","type-page","status-publish","hentry"],"_links":{"self":[{"href":"https:\/\/www.transfiriendo.com\/index.php\/wp-json\/wp\/v2\/pages\/141","targetHints":{"allow":["GET"]}}],"collection":[{"href":"https:\/\/www.transfiriendo.com\/index.php\/wp-json\/wp\/v2\/pages"}],"about":[{"href":"https:\/\/www.transfiriendo.com\/index.php\/wp-json\/wp\/v2\/types\/page"}],"author":[{"embeddable":true,"href":"https:\/\/www.transfiriendo.com\/index.php\/wp-json\/wp\/v2\/users\/1"}],"replies":[{"embeddable":true,"href":"https:\/\/www.transfiriendo.com\/index.php\/wp-json\/wp\/v2\/comments?post=141"}],"version-history":[{"count":25,"href":"https:\/\/www.transfiriendo.com\/index.php\/wp-json\/wp\/v2\/pages\/141\/revisions"}],"predecessor-version":[{"id":7816,"href":"https:\/\/www.transfiriendo.com\/index.php\/wp-json\/wp\/v2\/pages\/141\/revisions\/7816"}],"wp:attachment":[{"href":"https:\/\/www.transfiriendo.com\/index.php\/wp-json\/wp\/v2\/media?parent=141"}],"curies":[{"name":"wp","href":"https:\/\/api.w.org\/{rel}","templated":true}]}}