{"id":143,"date":"2025-10-27T21:19:26","date_gmt":"2025-10-28T02:19:26","guid":{"rendered":"https:\/\/www.transfiriendo.com\/?page_id=143"},"modified":"2026-01-06T21:10:16","modified_gmt":"2026-01-07T02:10:16","slug":"aviso-de-privacidad","status":"publish","type":"page","link":"https:\/\/www.transfiriendo.com\/index.php\/aviso-de-privacidad\/","title":{"rendered":"Aviso de Privacidad"},"content":{"rendered":"\t\t<div data-elementor-type=\"wp-page\" data-elementor-id=\"143\" class=\"elementor elementor-143\" data-elementor-post-type=\"page\">\n\t\t\t\t<div class=\"elementor-element elementor-element-002fcbd e-flex e-con-boxed e-con e-parent\" data-id=\"002fcbd\" data-element_type=\"container\">\n\t\t\t\t\t<div class=\"e-con-inner\">\n\t\t\t\t<div class=\"elementor-element elementor-element-dfd7e4d elementor-widget elementor-widget-heading\" data-id=\"dfd7e4d\" data-element_type=\"widget\" data-widget_type=\"heading.default\">\n\t\t\t\t\t<h2 class=\"elementor-heading-title elementor-size-default\">Aviso de Privacidad Portal Transfiriendo<\/h2>\t\t\t\t<\/div>\n\t\t\t\t\t<\/div>\n\t\t\t\t<\/div>\n\t\t<div class=\"elementor-element elementor-element-8c64820 e-flex e-con-boxed e-con e-parent\" data-id=\"8c64820\" data-element_type=\"container\">\n\t\t\t\t\t<div class=\"e-con-inner\">\n\t\t\t\t<div class=\"elementor-element elementor-element-4ec0a5a elementor-widget__width-initial elementor-widget elementor-widget-text-editor\" data-id=\"4ec0a5a\" data-element_type=\"widget\" data-widget_type=\"text-editor.default\">\n\t\t\t\t\t\t\t\t\t<p><span style=\"color: #fc7603;\"><strong>TRANSFIRIENDO S.A.<\/strong><\/span>, en cumplimiento de la Ley 1581 de 2012 y dem\u00e1s normas concordantes, es responsable del tratamiento de sus datos personales. En consecuencia, informa que recolecta, almacena, utiliza, transfiere y suprime datos personales en cumplimiento de su objeto social y conforme a las finalidades descritas en su Pol\u00edtica de Tratamiento de Datos Personales.<\/p><p>La informaci\u00f3n que recolectamos podr\u00e1 corresponder a datos p\u00fablicos, privados, sensibles, semiprivados o de ni\u00f1os, ni\u00f1as y adolescentes, y ser\u00e1 utilizada, entre otros fines, para:<\/p><ol><li>Gestionar relaciones contractuales y laborales.<\/li><li>Cumplir obligaciones legales y contractuales.<\/li><li>Ejecutar actividades de mercadeo y fidelizaci\u00f3n.<\/li><li>Desarrollar an\u00e1lisis internos y externos.<\/li><li>Prestar servicios y mantener contacto efectivo con los titulares.<\/li><\/ol><p>El tratamiento se realiza conforme a los principios de legalidad, libertad, seguridad, confidencialidad, transparencia, acceso y circulaci\u00f3n restringida, entre otros aplicables.<br \/>Los titulares de los datos tienen derecho a conocer, actualizar, rectificar, suprimir sus datos personales y\/o revocar la autorizaci\u00f3n otorgada para su tratamiento, enviando su solicitud a trav\u00e9s del correo: o en los canales definidos en la Pol\u00edtica.<\/p><p>Para m\u00e1s informaci\u00f3n sobre las finalidades del tratamiento y el procedimiento para ejercer sus derechos, consulte nuestra <strong>Pol\u00edtica de Tratamiento de Datos Personales disponible en:<\/strong> <a href=\"https:\/\/www.transfiriendo.com\/\"><span style=\"color: #fc7603;\">https:\/\/www.transfiriendo.com\/<\/span><\/a><\/p><p>Si desea presentar una consulta, reclamo o petici\u00f3n de informaci\u00f3n relacionada con la protecci\u00f3n de datos personales puede ingresar a la p\u00e1gina web de <strong>TRANSFIRIENDO S.A.<\/strong>:\u00a0<span style=\"color: #fc7603;\"><a style=\"color: #fc7603;\" href=\"https:\/\/www.transfiriendo.com\/\">www.transfiriendo.com<\/a><\/span> o comunicarse las l\u00edneas: (601) 691 0810, (601) 491 8310, o +57 310 216 6091 o dirigirse a nuestras oficinas en el Centro Empresarial Paralelo 108 \u2013 Av. Cra. 45 No. 108 \u2013 27 Torre 2, Piso 17<\/p>\t\t\t\t\t\t\t\t<\/div>\n\t\t\t\t\t<\/div>\n\t\t\t\t<\/div>\n\t\t\t\t<\/div>\n\t\t","protected":false},"excerpt":{"rendered":"<p>Aviso de Privacidad Portal Transfiriendo TRANSFIRIENDO S.A., en cumplimiento de la Ley 1581 de 2012 y dem\u00e1s normas concordantes, es responsable del tratamiento de sus datos personales. En consecuencia, informa que recolecta, almacena, utiliza, transfiere y suprime datos personales en cumplimiento de su objeto social y conforme a las finalidades descritas en su Pol\u00edtica de [&hellip;]<\/p>\n","protected":false},"author":1,"featured_media":0,"parent":0,"menu_order":0,"comment_status":"closed","ping_status":"closed","template":"elementor_header_footer","meta":{"footnotes":""},"class_list":["post-143","page","type-page","status-publish","hentry"],"_links":{"self":[{"href":"https:\/\/www.transfiriendo.com\/index.php\/wp-json\/wp\/v2\/pages\/143","targetHints":{"allow":["GET"]}}],"collection":[{"href":"https:\/\/www.transfiriendo.com\/index.php\/wp-json\/wp\/v2\/pages"}],"about":[{"href":"https:\/\/www.transfiriendo.com\/index.php\/wp-json\/wp\/v2\/types\/page"}],"author":[{"embeddable":true,"href":"https:\/\/www.transfiriendo.com\/index.php\/wp-json\/wp\/v2\/users\/1"}],"replies":[{"embeddable":true,"href":"https:\/\/www.transfiriendo.com\/index.php\/wp-json\/wp\/v2\/comments?post=143"}],"version-history":[{"count":13,"href":"https:\/\/www.transfiriendo.com\/index.php\/wp-json\/wp\/v2\/pages\/143\/revisions"}],"predecessor-version":[{"id":7819,"href":"https:\/\/www.transfiriendo.com\/index.php\/wp-json\/wp\/v2\/pages\/143\/revisions\/7819"}],"wp:attachment":[{"href":"https:\/\/www.transfiriendo.com\/index.php\/wp-json\/wp\/v2\/media?parent=143"}],"curies":[{"name":"wp","href":"https:\/\/api.w.org\/{rel}","templated":true}]}}