{"id":4052,"date":"2025-11-23T16:58:53","date_gmt":"2025-11-23T21:58:53","guid":{"rendered":"https:\/\/www.transfiriendo.com\/?page_id=4052"},"modified":"2025-12-04T14:54:39","modified_gmt":"2025-12-04T19:54:39","slug":"conoce-las-ventajas-de-ibot","status":"publish","type":"page","link":"https:\/\/www.transfiriendo.com\/index.php\/conoce-las-ventajas-de-ibot\/","title":{"rendered":"Conoce Las ventajas de IBOT"},"content":{"rendered":"\t\t<div data-elementor-type=\"wp-page\" data-elementor-id=\"4052\" class=\"elementor elementor-4052\" data-elementor-post-type=\"page\">\n\t\t\t\t<div class=\"elementor-element elementor-element-beeab71 e-flex e-con-boxed e-con e-parent\" data-id=\"beeab71\" data-element_type=\"container\">\n\t\t\t\t\t<div class=\"e-con-inner\">\n\t\t\t\t\t<\/div>\n\t\t\t\t<\/div>\n\t\t<div class=\"elementor-element elementor-element-9695d88 elementor-hidden-desktop e-flex e-con-boxed e-con e-parent\" data-id=\"9695d88\" data-element_type=\"container\">\n\t\t\t\t\t<div class=\"e-con-inner\">\n\t\t<div class=\"elementor-element elementor-element-b4475a1 e-con-full e-flex e-con e-child\" data-id=\"b4475a1\" data-element_type=\"container\">\n\t\t\t\t<div class=\"elementor-element elementor-element-d76c0be elementor-widget elementor-widget-image\" data-id=\"d76c0be\" data-element_type=\"widget\" data-widget_type=\"image.default\">\n\t\t\t\t\t\t\t\t\t\t\t\t\t\t\t<img loading=\"lazy\" decoding=\"async\" width=\"317\" height=\"180\" src=\"https:\/\/www.transfiriendo.com\/wp-content\/uploads\/2025\/11\/Mask-group-6-1.png\" class=\"attachment-large size-large wp-image-3996\" alt=\"\" srcset=\"https:\/\/www.transfiriendo.com\/wp-content\/uploads\/2025\/11\/Mask-group-6-1.png 317w, https:\/\/www.transfiriendo.com\/wp-content\/uploads\/2025\/11\/Mask-group-6-1-300x170.png 300w\" sizes=\"auto, (max-width: 317px) 100vw, 317px\" \/>\t\t\t\t\t\t\t\t\t\t\t\t\t\t\t<\/div>\n\t\t<div class=\"elementor-element elementor-element-61f6f40 e-con-full e-flex e-con e-child\" data-id=\"61f6f40\" data-element_type=\"container\" data-settings=\"{&quot;background_background&quot;:&quot;classic&quot;}\">\n\t\t\t\t<div class=\"elementor-element elementor-element-e0d698a elementor-widget__width-initial elementor-widget elementor-widget-text-editor\" data-id=\"e0d698a\" data-element_type=\"widget\" data-widget_type=\"text-editor.default\">\n\t\t\t\t\t\t\t\t\t<p>CONOCE LAS VENTAJAS DE IBOT<\/p>\t\t\t\t\t\t\t\t<\/div>\n\t\t\t\t<\/div>\n\t\t\t\t<\/div>\n\t\t\t\t\t<\/div>\n\t\t\t\t<\/div>\n\t\t<div class=\"elementor-element elementor-element-aa08414 elementor-hidden-mobile e-flex e-con-boxed e-con e-parent\" data-id=\"aa08414\" data-element_type=\"container\">\n\t\t\t\t\t<div class=\"e-con-inner\">\n\t\t<div class=\"elementor-element elementor-element-a9069db e-con-full e-flex e-con e-child\" data-id=\"a9069db\" data-element_type=\"container\" data-settings=\"{&quot;background_background&quot;:&quot;classic&quot;}\">\n\t\t\t\t<div class=\"elementor-element elementor-element-974f672 elementor-widget__width-initial elementor-widget elementor-widget-text-editor\" data-id=\"974f672\" data-element_type=\"widget\" data-widget_type=\"text-editor.default\">\n\t\t\t\t\t\t\t\t\t<p>CONOCE LAS VENTAJAS DE IBOT<\/p>\t\t\t\t\t\t\t\t<\/div>\n\t\t\t\t<\/div>\n\t\t<div class=\"elementor-element elementor-element-32e7861 e-con-full e-flex e-con e-child\" data-id=\"32e7861\" data-element_type=\"container\">\n\t\t\t\t<div class=\"elementor-element elementor-element-e8dea09 elementor-widget elementor-widget-image\" data-id=\"e8dea09\" data-element_type=\"widget\" data-widget_type=\"image.default\">\n\t\t\t\t\t\t\t\t\t\t\t\t\t\t\t<img loading=\"lazy\" decoding=\"async\" width=\"800\" height=\"409\" src=\"https:\/\/www.transfiriendo.com\/wp-content\/uploads\/2025\/11\/blog2.png\" class=\"attachment-large size-large wp-image-4054\" alt=\"\" srcset=\"https:\/\/www.transfiriendo.com\/wp-content\/uploads\/2025\/11\/blog2.png 860w, https:\/\/www.transfiriendo.com\/wp-content\/uploads\/2025\/11\/blog2-300x153.png 300w, https:\/\/www.transfiriendo.com\/wp-content\/uploads\/2025\/11\/blog2-768x393.png 768w\" sizes=\"auto, (max-width: 800px) 100vw, 800px\" \/>\t\t\t\t\t\t\t\t\t\t\t\t\t\t\t<\/div>\n\t\t\t\t<\/div>\n\t\t\t\t\t<\/div>\n\t\t\t\t<\/div>\n\t\t<div class=\"elementor-element elementor-element-ad5025a e-flex e-con-boxed e-con e-parent\" data-id=\"ad5025a\" data-element_type=\"container\">\n\t\t\t\t\t<div class=\"e-con-inner\">\n\t\t\t\t<div class=\"elementor-element elementor-element-94ce718 elementor-widget__width-initial elementor-widget elementor-widget-text-editor\" data-id=\"94ce718\" data-element_type=\"widget\" data-widget_type=\"text-editor.default\">\n\t\t\t\t\t\t\t\t\t<p>Las aseguradoras de todo el mundo le apuestan a un agente virtual 360 que atienda 24\/7 a sus clientes, con el objetivo de facilitar y agilizar todos los procesos de contacto, atenci\u00f3n y oferta de servicios.<\/p>\t\t\t\t\t\t\t\t<\/div>\n\t\t\t\t\t<\/div>\n\t\t\t\t<\/div>\n\t\t<div class=\"elementor-element elementor-element-e360158 e-flex e-con-boxed e-con e-parent\" data-id=\"e360158\" data-element_type=\"container\">\n\t\t\t\t\t<div class=\"e-con-inner\">\n\t\t\t\t<div class=\"elementor-element elementor-element-5b392e1 elementor-widget elementor-widget-image\" data-id=\"5b392e1\" data-element_type=\"widget\" data-widget_type=\"image.default\">\n\t\t\t\t\t\t\t\t\t\t\t\t\t\t\t<img loading=\"lazy\" decoding=\"async\" width=\"800\" height=\"358\" src=\"https:\/\/www.transfiriendo.com\/wp-content\/uploads\/2025\/11\/transf.png\" class=\"attachment-large size-large wp-image-4059\" alt=\"\" srcset=\"https:\/\/www.transfiriendo.com\/wp-content\/uploads\/2025\/11\/transf.png 953w, https:\/\/www.transfiriendo.com\/wp-content\/uploads\/2025\/11\/transf-300x134.png 300w, https:\/\/www.transfiriendo.com\/wp-content\/uploads\/2025\/11\/transf-768x343.png 768w\" sizes=\"auto, (max-width: 800px) 100vw, 800px\" \/>\t\t\t\t\t\t\t\t\t\t\t\t\t\t\t<\/div>\n\t\t\t\t\t<\/div>\n\t\t\t\t<\/div>\n\t\t<div class=\"elementor-element elementor-element-839055b e-flex e-con-boxed e-con e-parent\" data-id=\"839055b\" data-element_type=\"container\">\n\t\t\t\t\t<div class=\"e-con-inner\">\n\t\t\t\t<div class=\"elementor-element elementor-element-2f08c81 elementor-widget elementor-widget-text-editor\" data-id=\"2f08c81\" data-element_type=\"widget\" data-widget_type=\"text-editor.default\">\n\t\t\t\t\t\t\t\t\t<p align=\"justify\">Al cambiar el m\u00e9todo tradicional, tambi\u00e9n surgen nuevos roles, nuestro IBot suple todas las necesidades desde una sola soluci\u00f3n: asistencia posventa, automatizaci\u00f3n, venta digital y fidelizaci\u00f3n de clientes. Todos estos aspectos se implementaron con el fin de bajar costos reduciendo el margen de llamadas en los call center y la ocupaci\u00f3n del personal en ventas.<\/p>\n\n<div class=\"flex_column av_three_fifth flex_column_div av-zero-column-padding avia-builder-el-13 el_after_av_one_fifth el_before_av_one_fifth column-top-margin\"><section class=\"av_textblock_section \">\n<div class=\"avia_textblock \">\n<ul style=\"color: #fc7603;\">\n \t<li><span style=\"color: #fc7603;\"><strong>Asistencia posventa:<\/strong><\/span><\/li>\n<\/ul>\n<p align=\"justify\">Para entender la necesidad del usuario se le debe dar prioridad a la atenci\u00f3n inmediata por todos los canales digitales, teniendo, adem\u00e1s, acceso a los n\u00fameros de ayuda cuando se tiene un siniestro, accidente o incidentes cotidianos como dejar las llaves dentro del carro.<\/p>\n\n<ul style=\"color: #fc7603;\">\n \t<li><span style=\"color: #fc7603;\"><strong>Automatizaci\u00f3n:<\/strong><\/span><\/li>\n<\/ul>\n<p align=\"justify\">Permite las notificaciones proactivas, gesti\u00f3n de productos, y reporte de siniestros. Esto baja la carga laboral y facilita procesos.<\/p>\n\n<ul style=\"color: #fc7603;\">\n \t<li><span style=\"color: #fc7603;\"><strong>Venta digital:<\/strong><\/span><\/li>\n<\/ul>\n<p align=\"justify\">Mediante WhatsApp y Facebook para SOAT, te ofrece orientaci\u00f3n comercial mediante di\u00e1logos emp\u00e1ticos y persuasivos, impulsa la generaci\u00f3n de leads, informaci\u00f3n sobre productos, coberturas, c\u00e1lculo de las primas, y facilita la contrataci\u00f3n online.<\/p>\n\n<ul style=\"color: #fc7603;\">\n \t<li><span style=\"color: #fc7603;\"><strong>Fidelizaci\u00f3n de clientes:<\/strong><\/span><\/li>\n<\/ul>\n<p align=\"justify\">Se logra un servicio de atenci\u00f3n diferencial, con contenidos de valor para activar o mantener la relevancia de los productos en los asegurados, campa\u00f1as de marketing direccionadas hacia las necesidades de los clientes; por ejemplo, recordar la fecha de vencimiento anual del SOAT y ofrecer un 10% de descuento si la renovaci\u00f3n es con nosotros.<\/p>\n<p align=\"justify\">No hay mejor evidencia que las cifras de otras entidades que ya cuentan con este servicio y que han notado un impacto positivo. El porcentaje de los chatbots en las aseguradoras a nivel nacional que cumple con los roles actualmente es el siguiente:<\/p>\n\n<ul>\n \t<li>Venta digital: 38%<\/li>\n \t<li>Fidelizaci\u00f3n de clientes: 20%<\/li>\n \t<li>Asistencia posventa: 35%<\/li>\n \t<li>Automatizaci\u00f3n de procesos: 26%<\/li>\n<\/ul>\n<h6><span style=\"color: #fc7603;\"><strong>\u00bfC\u00f3mo podemos mejorar la experiencia conversacional en el sector seguros?<\/strong><\/span><\/h6>\nCon iBot se puede tener una atenci\u00f3n digital, completa y satisfactoria, que d\u00e9 prioridad a las\u00a0 inquietudes a trav\u00e9s del sistema en l\u00ednea, dando soluci\u00f3n a las necesidades.\n<ul>\n \t<li>Entender al cliente y su contexto<\/li>\n \t<li>Comunicaci\u00f3n personalizada<\/li>\n \t<li>Persuadir hacia la compra 24\/7<\/li>\n \t<li>Automatizaci\u00f3n de procesos repetitivos<\/li>\n<\/ul>\nUtilizando tecnolog\u00eda que genera:\n<ul>\n \t<li>Naturalidad<\/li>\n \t<li>Relevancia<\/li>\n \t<li>Inteligencia<\/li>\n \t<li>Omnicanalidad<\/li>\n \t<li>Persuasi\u00f3n<\/li>\n \t<li>Proactividad<\/li>\n<\/ul>\n<\/div>\n<\/section><\/div>\t\t\t\t\t\t\t\t<\/div>\n\t\t\t\t\t<\/div>\n\t\t\t\t<\/div>\n\t\t<div class=\"elementor-element elementor-element-838ff9f e-flex e-con-boxed e-con e-parent\" data-id=\"838ff9f\" data-element_type=\"container\">\n\t\t\t\t\t<div class=\"e-con-inner\">\n\t\t\t\t<div class=\"elementor-element elementor-element-6cbb2f1 elementor-widget__width-initial elementor-widget elementor-widget-text-editor\" data-id=\"6cbb2f1\" data-element_type=\"widget\" data-widget_type=\"text-editor.default\">\n\t\t\t\t\t\t\t\t\t<p><strong>En <span style=\"color: #fc7603;\">TRANSFIRIENDO\u2026<\/span> Pensamos en los clientes y nos preocupamos por hacerlo todo m\u00e1s f\u00e1cil, no dudes en contar con nosotros, recibir la mejor atenci\u00f3n y asesor\u00eda a trav\u00e9s de nuestros medios digitales.\u00a0<\/strong><\/p>\t\t\t\t\t\t\t\t<\/div>\n\t\t\t\t\t<\/div>\n\t\t\t\t<\/div>\n\t\t<div class=\"elementor-element elementor-element-0e6402a e-flex e-con-boxed e-con e-parent\" data-id=\"0e6402a\" data-element_type=\"container\">\n\t\t\t\t\t<div class=\"e-con-inner\">\n\t\t\t\t\t<\/div>\n\t\t\t\t<\/div>\n\t\t\t\t<\/div>\n\t\t","protected":false},"excerpt":{"rendered":"<p>CONOCE LAS VENTAJAS DE IBOT CONOCE LAS VENTAJAS DE IBOT Las aseguradoras de todo el mundo le apuestan a un agente virtual 360 que atienda 24\/7 a sus clientes, con el objetivo de facilitar y agilizar todos los procesos de contacto, atenci\u00f3n y oferta de servicios. Al cambiar el m\u00e9todo tradicional, tambi\u00e9n surgen nuevos roles, [&hellip;]<\/p>\n","protected":false},"author":1,"featured_media":0,"parent":0,"menu_order":0,"comment_status":"closed","ping_status":"closed","template":"elementor_header_footer","meta":{"footnotes":""},"class_list":["post-4052","page","type-page","status-publish","hentry"],"_links":{"self":[{"href":"https:\/\/www.transfiriendo.com\/index.php\/wp-json\/wp\/v2\/pages\/4052","targetHints":{"allow":["GET"]}}],"collection":[{"href":"https:\/\/www.transfiriendo.com\/index.php\/wp-json\/wp\/v2\/pages"}],"about":[{"href":"https:\/\/www.transfiriendo.com\/index.php\/wp-json\/wp\/v2\/types\/page"}],"author":[{"embeddable":true,"href":"https:\/\/www.transfiriendo.com\/index.php\/wp-json\/wp\/v2\/users\/1"}],"replies":[{"embeddable":true,"href":"https:\/\/www.transfiriendo.com\/index.php\/wp-json\/wp\/v2\/comments?post=4052"}],"version-history":[{"count":28,"href":"https:\/\/www.transfiriendo.com\/index.php\/wp-json\/wp\/v2\/pages\/4052\/revisions"}],"predecessor-version":[{"id":5985,"href":"https:\/\/www.transfiriendo.com\/index.php\/wp-json\/wp\/v2\/pages\/4052\/revisions\/5985"}],"wp:attachment":[{"href":"https:\/\/www.transfiriendo.com\/index.php\/wp-json\/wp\/v2\/media?parent=4052"}],"curies":[{"name":"wp","href":"https:\/\/api.w.org\/{rel}","templated":true}]}}