{"id":4108,"date":"2025-11-23T17:35:11","date_gmt":"2025-11-23T22:35:11","guid":{"rendered":"https:\/\/www.transfiriendo.com\/?page_id=4108"},"modified":"2025-12-04T15:03:31","modified_gmt":"2025-12-04T20:03:31","slug":"tres-ventajas-de-implementar-el-documento-soporte","status":"publish","type":"page","link":"https:\/\/www.transfiriendo.com\/index.php\/tres-ventajas-de-implementar-el-documento-soporte\/","title":{"rendered":"Tres Ventajas De Implementar El Documento Soporte"},"content":{"rendered":"\t\t<div data-elementor-type=\"wp-page\" data-elementor-id=\"4108\" class=\"elementor elementor-4108\" data-elementor-post-type=\"page\">\n\t\t\t\t<div class=\"elementor-element elementor-element-4d94409 e-flex e-con-boxed e-con e-parent\" data-id=\"4d94409\" data-element_type=\"container\">\n\t\t\t\t\t<div class=\"e-con-inner\">\n\t\t\t\t\t<\/div>\n\t\t\t\t<\/div>\n\t\t<div class=\"elementor-element elementor-element-aef0d4c elementor-hidden-desktop e-flex e-con-boxed e-con e-parent\" data-id=\"aef0d4c\" data-element_type=\"container\">\n\t\t\t\t\t<div class=\"e-con-inner\">\n\t\t<div class=\"elementor-element elementor-element-f30932c e-con-full e-flex e-con e-child\" data-id=\"f30932c\" data-element_type=\"container\">\n\t\t\t\t<div class=\"elementor-element elementor-element-cdd17f2 elementor-widget elementor-widget-image\" data-id=\"cdd17f2\" data-element_type=\"widget\" data-widget_type=\"image.default\">\n\t\t\t\t\t\t\t\t\t\t\t\t\t\t\t<img loading=\"lazy\" decoding=\"async\" width=\"317\" height=\"180\" src=\"https:\/\/www.transfiriendo.com\/wp-content\/uploads\/2025\/11\/Group-226.png\" class=\"attachment-large size-large wp-image-3997\" alt=\"\" srcset=\"https:\/\/www.transfiriendo.com\/wp-content\/uploads\/2025\/11\/Group-226.png 317w, https:\/\/www.transfiriendo.com\/wp-content\/uploads\/2025\/11\/Group-226-300x170.png 300w\" sizes=\"auto, (max-width: 317px) 100vw, 317px\" \/>\t\t\t\t\t\t\t\t\t\t\t\t\t\t\t<\/div>\n\t\t<div class=\"elementor-element elementor-element-ecaf27a e-con-full e-flex e-con e-child\" data-id=\"ecaf27a\" data-element_type=\"container\" data-settings=\"{&quot;background_background&quot;:&quot;classic&quot;}\">\n\t\t\t\t<div class=\"elementor-element elementor-element-3362ae2 elementor-widget__width-initial elementor-widget elementor-widget-text-editor\" data-id=\"3362ae2\" data-element_type=\"widget\" data-widget_type=\"text-editor.default\">\n\t\t\t\t\t\t\t\t\t<p>TRES VENTAJAS DE IMPLEMENTAR EL DOCUMENTO SOPORTE<\/p>\t\t\t\t\t\t\t\t<\/div>\n\t\t\t\t<\/div>\n\t\t\t\t<\/div>\n\t\t\t\t\t<\/div>\n\t\t\t\t<\/div>\n\t\t<div class=\"elementor-element elementor-element-c1a1ff9 elementor-hidden-mobile e-flex e-con-boxed e-con e-parent\" data-id=\"c1a1ff9\" data-element_type=\"container\">\n\t\t\t\t\t<div class=\"e-con-inner\">\n\t\t<div class=\"elementor-element elementor-element-2ca159e e-con-full e-flex e-con e-child\" data-id=\"2ca159e\" data-element_type=\"container\" data-settings=\"{&quot;background_background&quot;:&quot;classic&quot;}\">\n\t\t\t\t<div class=\"elementor-element elementor-element-df01686 elementor-widget__width-initial elementor-widget elementor-widget-text-editor\" data-id=\"df01686\" data-element_type=\"widget\" data-widget_type=\"text-editor.default\">\n\t\t\t\t\t\t\t\t\t<p>TRES VENTAJAS DE IMPLEMENTAR EL DOCUMENTO SOPORTE<\/p>\t\t\t\t\t\t\t\t<\/div>\n\t\t\t\t<\/div>\n\t\t<div class=\"elementor-element elementor-element-2e93cbb e-con-full e-flex e-con e-child\" data-id=\"2e93cbb\" data-element_type=\"container\">\n\t\t\t\t<div class=\"elementor-element elementor-element-f214de0 elementor-widget elementor-widget-image\" data-id=\"f214de0\" data-element_type=\"widget\" data-widget_type=\"image.default\">\n\t\t\t\t\t\t\t\t\t\t\t\t\t\t\t<img loading=\"lazy\" decoding=\"async\" width=\"800\" height=\"409\" src=\"https:\/\/www.transfiriendo.com\/wp-content\/uploads\/2025\/11\/blog-3.png\" class=\"attachment-large size-large wp-image-4110\" alt=\"\" srcset=\"https:\/\/www.transfiriendo.com\/wp-content\/uploads\/2025\/11\/blog-3.png 860w, https:\/\/www.transfiriendo.com\/wp-content\/uploads\/2025\/11\/blog-3-300x153.png 300w, https:\/\/www.transfiriendo.com\/wp-content\/uploads\/2025\/11\/blog-3-768x393.png 768w\" sizes=\"auto, (max-width: 800px) 100vw, 800px\" \/>\t\t\t\t\t\t\t\t\t\t\t\t\t\t\t<\/div>\n\t\t\t\t<\/div>\n\t\t\t\t\t<\/div>\n\t\t\t\t<\/div>\n\t\t<div class=\"elementor-element elementor-element-7988be3 e-flex e-con-boxed e-con e-parent\" data-id=\"7988be3\" data-element_type=\"container\">\n\t\t\t\t\t<div class=\"e-con-inner\">\n\t\t\t\t\t<\/div>\n\t\t\t\t<\/div>\n\t\t<div class=\"elementor-element elementor-element-13fc97b e-flex e-con-boxed e-con e-parent\" data-id=\"13fc97b\" data-element_type=\"container\">\n\t\t\t\t\t<div class=\"e-con-inner\">\n\t\t\t\t<div class=\"elementor-element elementor-element-1d68a44 elementor-widget elementor-widget-text-editor\" data-id=\"1d68a44\" data-element_type=\"widget\" data-widget_type=\"text-editor.default\">\n\t\t\t\t\t\t\t\t\t<p>En los \u00faltimos a\u00f1os, los mecanismos de facturaci\u00f3n se han ido transformando para los diferentes sectores de la industria. Hoy por hoy, por ejemplo, podemos hablar de la implementaci\u00f3n de documentos electr\u00f3nicos, los cuales, adem\u00e1s de ser amigables con el planeta y agilizar los procesos internos de las empresas, han sido un plus para la experiencia final del consumidor. Incluso, seg\u00fan un estudio realizado por el Centro Interamericano de Administraciones Tributarias (CIAT), los ahorros en las empresas podr\u00edan significar hasta el 80% de los gastos con respecto a la gesti\u00f3n de las facturas tradicionales.<\/p><p align=\"justify\">As\u00ed las cosas, el a\u00f1o pasado surgi\u00f3 la resoluci\u00f3n 042 del 05 de mayo, donde, adem\u00e1s de reunir las reglamentaciones que hasta ahora hab\u00eda estipulado la DIAN con respecto a la facturaci\u00f3n electr\u00f3nica, se defini\u00f3 la implementaci\u00f3n obligatoria del Documento Soporte en adquisiciones con no obligados a facturar. Para entonces, el documento soporte en adquisiciones con no obligados pod\u00eda emitirse de forma f\u00edsica. Sin embargo, una de las actualizaciones m\u00e1s recientes, para ser exactos, la resoluci\u00f3n 012 del 9 de febrero de 2021, determin\u00f3 que este documento deb\u00eda ser estrictamente electr\u00f3nico para el 01 de julio de este mismo a\u00f1o.<\/p>\t\t\t\t\t\t\t\t<\/div>\n\t\t\t\t<div class=\"elementor-element elementor-element-3eb9e98 elementor-widget elementor-widget-text-editor\" data-id=\"3eb9e98\" data-element_type=\"widget\" data-widget_type=\"text-editor.default\">\n\t\t\t\t\t\t\t\t\t<p align=\"justify\">Pero,\u00a0\u00bfqu\u00e9 es, con certeza, el Documento Soporte y cu\u00e1l es su funci\u00f3n principal?<\/p><p align=\"justify\">El Documento Soporte\u00a0es el comprobante\u00a0de pago que usas cuando adquieres\u00a0un bien o servicio con un proveedor que no est\u00e1 obligado a expedir factura de venta o documento equivalente, con el fin de documentar la transacci\u00f3n, contabilizarla y, si es el caso, soportar costos, deducciones\u00a0o impuestos descontables.\u00a0Teniendo en cuenta que actualmente es un documento obligatorio para los diferentes sectores de la industria y, como lo dijimos previamente, pasar\u00e1 a ser electr\u00f3nico desde el 01 de julio, hoy queremos hablarte de cu\u00e1les son las principales ventajas de implementarlo con\u00a0Transfiriendo;\u00a0tu mejor aliado tecnol\u00f3gico.\u00a0\u00a1Sigue leyendo!<\/p><ol><li>Transacciones f\u00e1ciles y seguras: En Transfiriendo estamos certificados en ISO 27001 para emplear las mejores pr\u00e1cticas de gesti\u00f3n de la informaci\u00f3n de forma 100% segura. Adem\u00e1s, te brindamos acceso a nuestro portal web con usuario y contrase\u00f1a donde podr\u00e1s generar el Documento Soporte de tus transacciones con no obligados de forma r\u00e1pida y sencilla o enviarnos la informaci\u00f3n desde el software administrativo. Por otro lado, en caso de que manejes un alto n\u00famero de proveedores, ellos mismos podr\u00e1n digitalizar la informaci\u00f3n para facilitar el proceso. Enseguida, nuestra soluci\u00f3n tecnol\u00f3gica de Documento Soporte la validar\u00e1 seg\u00fan las disposiciones t\u00e9cnicas de la DIAN para evitar cualquier tipo de errores y la emitir\u00e1 a la misma de forma inmediata. De este modo, se optimizan las transacciones entre tu empresa y los proveedores, adem\u00e1s de mejorar el relacionamiento en aspectos como la reducci\u00f3n de costos de env\u00edo y la recepci\u00f3n de facturas.<\/li><li>Trazabilidad de consultas: Una vez la DIAN valide la informaci\u00f3n de tus Documentos Soportes en adquisiciones con no obligados, podr\u00e1s consultar el estado de cada uno en nuestro m\u00f3dulo de consulta sin restricci\u00f3n horaria, donde permanecer\u00e1n guardarlos de forma 100% segura hasta por 5 a\u00f1os.\u00a0<span data-ccp-props=\"{\">\u00a0<\/span><\/li><li>Facilidad de integraci\u00f3n:\u00a0Tanto nuestra soluci\u00f3n de Documento Soporte como cualquiera de nuestro portafolio,\u00a0cuenta con el valor agregado de\u00a0tener diferentes mecanismos para\u00a0integrarse\u00a0con\u00a0los sistemas contables\u00a0de las empresas, pues nos adaptamos a todos los sectores\u00a0de la industria. De este modo,\u00a0te ayudamos a gestionar la informaci\u00f3n de tu empresa, facilitando las acciones de tus colaboradores y, a la vez, reduciendo el tiempo de operaci\u00f3n.\u00a0\u00a0<span data-ccp-props=\"{\">\u00a0<\/span><\/li><\/ol>\t\t\t\t\t\t\t\t<\/div>\n\t\t\t\t\t<\/div>\n\t\t\t\t<\/div>\n\t\t<div class=\"elementor-element elementor-element-d320512 e-flex e-con-boxed e-con e-parent\" data-id=\"d320512\" data-element_type=\"container\">\n\t\t\t\t\t<div class=\"e-con-inner\">\n\t\t\t\t<div class=\"elementor-element elementor-element-f70ab6b elementor-widget__width-initial elementor-widget elementor-widget-text-editor\" data-id=\"f70ab6b\" data-element_type=\"widget\" data-widget_type=\"text-editor.default\">\n\t\t\t\t\t\t\t\t\t<p>Por \u00faltimo, sabemos\u00a0que adaptarse a\u00a0las diferentes actualizaciones\u00a0de facturaci\u00f3n\u00a0siempre\u00a0implica\u00a0ciertos\u00a0desaf\u00edos\u00a0para las empresas.\u00a0Por eso, te invitamos a conocer m\u00e1s de nuestras soluciones tecnol\u00f3gicas para hacerlo todo m\u00e1s f\u00e1cil\u00a0y efectivo en\u00a0<a style=\"color: #fc7603;\" href=\"https:\/\/www.transfiriendo.com\/\">www.transfiriendo.com<\/a>. Recuerda que en Transfiriendo te brindamos asesor\u00eda y acompa\u00f1amiento en todo el proceso\u00a0de implementaci\u00f3n\u00a0del Documento Soporte en adquisiciones con no obligados\u00a0mediante capacitaci\u00f3n virtual o\u00a0atenci\u00f3n 8\u00d75\u00a0para garantizar resultados reales y efectivos.\u00a0\u00a1Cont\u00e1ctanos!\u00a0Lo hacemos\u00a0todo\u00a0m\u00e1s f\u00e1cil, seguro y transparente.<\/p>\t\t\t\t\t\t\t\t<\/div>\n\t\t\t\t\t<\/div>\n\t\t\t\t<\/div>\n\t\t\t\t<\/div>\n\t\t","protected":false},"excerpt":{"rendered":"<p>TRES VENTAJAS DE IMPLEMENTAR EL DOCUMENTO SOPORTE TRES VENTAJAS DE IMPLEMENTAR EL DOCUMENTO SOPORTE En los \u00faltimos a\u00f1os, los mecanismos de facturaci\u00f3n se han ido transformando para los diferentes sectores de la industria. Hoy por hoy, por ejemplo, podemos hablar de la implementaci\u00f3n de documentos electr\u00f3nicos, los cuales, adem\u00e1s de ser amigables con el planeta [&hellip;]<\/p>\n","protected":false},"author":1,"featured_media":0,"parent":0,"menu_order":0,"comment_status":"closed","ping_status":"closed","template":"elementor_header_footer","meta":{"footnotes":""},"class_list":["post-4108","page","type-page","status-publish","hentry"],"_links":{"self":[{"href":"https:\/\/www.transfiriendo.com\/index.php\/wp-json\/wp\/v2\/pages\/4108","targetHints":{"allow":["GET"]}}],"collection":[{"href":"https:\/\/www.transfiriendo.com\/index.php\/wp-json\/wp\/v2\/pages"}],"about":[{"href":"https:\/\/www.transfiriendo.com\/index.php\/wp-json\/wp\/v2\/types\/page"}],"author":[{"embeddable":true,"href":"https:\/\/www.transfiriendo.com\/index.php\/wp-json\/wp\/v2\/users\/1"}],"replies":[{"embeddable":true,"href":"https:\/\/www.transfiriendo.com\/index.php\/wp-json\/wp\/v2\/comments?post=4108"}],"version-history":[{"count":31,"href":"https:\/\/www.transfiriendo.com\/index.php\/wp-json\/wp\/v2\/pages\/4108\/revisions"}],"predecessor-version":[{"id":5998,"href":"https:\/\/www.transfiriendo.com\/index.php\/wp-json\/wp\/v2\/pages\/4108\/revisions\/5998"}],"wp:attachment":[{"href":"https:\/\/www.transfiriendo.com\/index.php\/wp-json\/wp\/v2\/media?parent=4108"}],"curies":[{"name":"wp","href":"https:\/\/api.w.org\/{rel}","templated":true}]}}